{"id":634,"date":"2024-09-24T09:35:43","date_gmt":"2024-09-24T07:35:43","guid":{"rendered":"https:\/\/www.location-ecran-video-mur-led.fr\/?post_type=product&#038;p=634"},"modified":"2025-01-22T14:28:15","modified_gmt":"2025-01-22T13:28:15","slug":"location-ecran-led-personnalisable","status":"publish","type":"product","link":"https:\/\/www.location-ecran-video-mur-led.fr\/index.php\/produit\/location-ecran-led-personnalisable\/","title":{"rendered":"Mur LED"},"content":{"rendered":"<p><strong>Transformez vos \u00e9v\u00e9nements gr\u00e2ce \u00e0 nos \u00e9crans LED personnalisables.<\/strong><br \/>\nId\u00e9al pour conf\u00e9rences, salons, mariages ou spectacles, nos \u00e9crans LED offrent une qualit\u00e9 d\u2019image exceptionnelle et une modularit\u00e9 adapt\u00e9e \u00e0 tous vos besoins.<\/p>\n<h4><strong>Caract\u00e9ristiques principales :<\/strong><\/h4>\n<ul>\n<li><strong>Personnalisation sur mesure<\/strong> : Configurez votre \u00e9cran (taille, r\u00e9solution, options).<\/li>\n<li><strong>Usage polyvalent<\/strong> : Convient \u00e0 l\u2019int\u00e9rieur comme \u00e0 l\u2019ext\u00e9rieur.<\/li>\n<li><strong>Installation cl\u00e9 en main<\/strong> : Nos experts s\u2019occupent de tout, de l\u2019installation \u00e0 l\u2019assistance technique.<\/li>\n<\/ul>\n<h4><strong>Comment \u00e7a marche ?<\/strong><\/h4>\n<ol>\n<li>Utilisez notre <strong>configurateur en ligne<\/strong> pour personnaliser votre \u00e9cran LED.<\/li>\n<li><strong>Demandez un devis gratuit<\/strong> : Rapide et sans engagement.<\/li>\n<li>Profitez d\u2019un accompagnement professionnel jusqu\u2019\u00e0 la fin de votre \u00e9v\u00e9nement.<\/li>\n<\/ol>\n<p><strong>Simplifiez votre organisation avec un \u00e9cran LED sur mesure !<\/strong><\/p>\n","protected":false},"excerpt":{"rendered":"<p>Transformez vos \u00e9v\u00e9nements gr\u00e2ce \u00e0 nos \u00e9crans LED personnalisables. Id\u00e9al pour conf\u00e9rences, salons, mariages ou spectacles, nos \u00e9crans LED offrent une qualit\u00e9 d\u2019image exceptionnelle et une modularit\u00e9 adapt\u00e9e \u00e0 tous vos besoins. Caract\u00e9ristiques principales : Personnalisation sur mesure : Configurez votre \u00e9cran (taille, r\u00e9solution, options). Usage polyvalent : Convient \u00e0 l\u2019int\u00e9rieur comme \u00e0 l\u2019ext\u00e9rieur. Installation [&hellip;]<\/p>\n","protected":false},"featured_media":158,"template":"","meta":[],"product_brand":[],"product_cat":[27],"product_tag":[],"class_list":{"0":"post-634","1":"product","2":"type-product","3":"status-publish","4":"has-post-thumbnail","6":"product_cat-mur-led","8":"first","9":"instock","10":"shipping-taxable","11":"purchasable","12":"product-type-simple"},"yoast_head":"<!-- This site is optimized with the Yoast SEO plugin v27.3 - https:\/\/yoast.com\/product\/yoast-seo-wordpress\/ -->\n<title>Location d\u2019\u00c9cran LED Personnalisable | Devis Gratuit<\/title>\n<meta name=\"description\" content=\"Louez un \u00e9cran LED sur mesure pour vos \u00e9v\u00e9nements ! Configurez facilement la taille et les options. Installation cl\u00e9 en main et devis gratuit en ligne.\" \/>\n<meta name=\"robots\" content=\"index, follow, max-snippet:-1, max-image-preview:large, max-video-preview:-1\" \/>\n<link rel=\"canonical\" href=\"https:\/\/www.location-ecran-video-mur-led.fr\/index.php\/produit\/location-ecran-led-personnalisable\/\" \/>\n<meta property=\"og:locale\" content=\"fr_FR\" \/>\n<meta property=\"og:type\" content=\"article\" \/>\n<meta property=\"og:title\" content=\"Location d\u2019\u00c9cran LED Personnalisable | Devis Gratuit\" \/>\n<meta property=\"og:description\" content=\"Louez un \u00e9cran LED sur mesure pour vos \u00e9v\u00e9nements ! Configurez facilement la taille et les options. Installation cl\u00e9 en main et devis gratuit en ligne.\" \/>\n<meta property=\"og:url\" content=\"https:\/\/www.location-ecran-video-mur-led.fr\/index.php\/produit\/location-ecran-led-personnalisable\/\" \/>\n<meta property=\"og:site_name\" content=\"Ecran Led\" \/>\n<meta property=\"article:modified_time\" content=\"2025-01-22T13:28:15+00:00\" \/>\n<meta property=\"og:image\" content=\"https:\/\/www.location-ecran-video-mur-led.fr\/wp-content\/uploads\/2024\/09\/ecran-led-solutions-evenements-profile-1024x910.png\" \/>\n\t<meta property=\"og:image:width\" content=\"1024\" \/>\n\t<meta property=\"og:image:height\" content=\"910\" \/>\n\t<meta property=\"og:image:type\" content=\"image\/png\" \/>\n<meta name=\"twitter:card\" content=\"summary_large_image\" \/>\n<meta name=\"twitter:label1\" content=\"Dur\u00e9e de lecture estim\u00e9e\" \/>\n\t<meta name=\"twitter:data1\" content=\"1 minute\" \/>\n<script type=\"application\/ld+json\" class=\"yoast-schema-graph\">{\"@context\":\"https:\\\/\\\/schema.org\",\"@graph\":[{\"@type\":\"WebPage\",\"@id\":\"https:\\\/\\\/www.location-ecran-video-mur-led.fr\\\/index.php\\\/produit\\\/location-ecran-led-personnalisable\\\/\",\"url\":\"https:\\\/\\\/www.location-ecran-video-mur-led.fr\\\/index.php\\\/produit\\\/location-ecran-led-personnalisable\\\/\",\"name\":\"Location d\u2019\u00c9cran LED Personnalisable | Devis Gratuit\",\"isPartOf\":{\"@id\":\"https:\\\/\\\/www.location-ecran-video-mur-led.fr\\\/#website\"},\"primaryImageOfPage\":{\"@id\":\"https:\\\/\\\/www.location-ecran-video-mur-led.fr\\\/index.php\\\/produit\\\/location-ecran-led-personnalisable\\\/#primaryimage\"},\"image\":{\"@id\":\"https:\\\/\\\/www.location-ecran-video-mur-led.fr\\\/index.php\\\/produit\\\/location-ecran-led-personnalisable\\\/#primaryimage\"},\"thumbnailUrl\":\"https:\\\/\\\/www.location-ecran-video-mur-led.fr\\\/wp-content\\\/uploads\\\/2024\\\/09\\\/ecran-led-solutions-evenements-profile.png\",\"datePublished\":\"2024-09-24T07:35:43+00:00\",\"dateModified\":\"2025-01-22T13:28:15+00:00\",\"description\":\"Louez un \u00e9cran LED sur mesure pour vos \u00e9v\u00e9nements ! Configurez facilement la taille et les options. Installation cl\u00e9 en main et devis gratuit en ligne.\",\"breadcrumb\":{\"@id\":\"https:\\\/\\\/www.location-ecran-video-mur-led.fr\\\/index.php\\\/produit\\\/location-ecran-led-personnalisable\\\/#breadcrumb\"},\"inLanguage\":\"fr-FR\",\"potentialAction\":[{\"@type\":\"ReadAction\",\"target\":[\"https:\\\/\\\/www.location-ecran-video-mur-led.fr\\\/index.php\\\/produit\\\/location-ecran-led-personnalisable\\\/\"]}]},{\"@type\":\"ImageObject\",\"inLanguage\":\"fr-FR\",\"@id\":\"https:\\\/\\\/www.location-ecran-video-mur-led.fr\\\/index.php\\\/produit\\\/location-ecran-led-personnalisable\\\/#primaryimage\",\"url\":\"https:\\\/\\\/www.location-ecran-video-mur-led.fr\\\/wp-content\\\/uploads\\\/2024\\\/09\\\/ecran-led-solutions-evenements-profile.png\",\"contentUrl\":\"https:\\\/\\\/www.location-ecran-video-mur-led.fr\\\/wp-content\\\/uploads\\\/2024\\\/09\\\/ecran-led-solutions-evenements-profile.png\",\"width\":4500,\"height\":4000},{\"@type\":\"BreadcrumbList\",\"@id\":\"https:\\\/\\\/www.location-ecran-video-mur-led.fr\\\/index.php\\\/produit\\\/location-ecran-led-personnalisable\\\/#breadcrumb\",\"itemListElement\":[{\"@type\":\"ListItem\",\"position\":1,\"name\":\"Accueil\",\"item\":\"https:\\\/\\\/www.location-ecran-video-mur-led.fr\\\/\"},{\"@type\":\"ListItem\",\"position\":2,\"name\":\"Boutique\",\"item\":\"https:\\\/\\\/www.location-ecran-video-mur-led.fr\\\/index.php\\\/boutique\\\/\"},{\"@type\":\"ListItem\",\"position\":3,\"name\":\"Mur LED\"}]},{\"@type\":\"WebSite\",\"@id\":\"https:\\\/\\\/www.location-ecran-video-mur-led.fr\\\/#website\",\"url\":\"https:\\\/\\\/www.location-ecran-video-mur-led.fr\\\/\",\"name\":\"Ecran Led\",\"description\":\"\",\"publisher\":{\"@id\":\"https:\\\/\\\/www.location-ecran-video-mur-led.fr\\\/#organization\"},\"potentialAction\":[{\"@type\":\"SearchAction\",\"target\":{\"@type\":\"EntryPoint\",\"urlTemplate\":\"https:\\\/\\\/www.location-ecran-video-mur-led.fr\\\/?s={search_term_string}\"},\"query-input\":{\"@type\":\"PropertyValueSpecification\",\"valueRequired\":true,\"valueName\":\"search_term_string\"}}],\"inLanguage\":\"fr-FR\"},{\"@type\":\"Organization\",\"@id\":\"https:\\\/\\\/www.location-ecran-video-mur-led.fr\\\/#organization\",\"name\":\"Ecran Led\",\"url\":\"https:\\\/\\\/www.location-ecran-video-mur-led.fr\\\/\",\"logo\":{\"@type\":\"ImageObject\",\"inLanguage\":\"fr-FR\",\"@id\":\"https:\\\/\\\/www.location-ecran-video-mur-led.fr\\\/#\\\/schema\\\/logo\\\/image\\\/\",\"url\":\"https:\\\/\\\/www.location-ecran-video-mur-led.fr\\\/wp-content\\\/uploads\\\/2024\\\/09\\\/Logo-SE-paysage.png\",\"contentUrl\":\"https:\\\/\\\/www.location-ecran-video-mur-led.fr\\\/wp-content\\\/uploads\\\/2024\\\/09\\\/Logo-SE-paysage.png\",\"width\":2983,\"height\":391,\"caption\":\"Ecran Led\"},\"image\":{\"@id\":\"https:\\\/\\\/www.location-ecran-video-mur-led.fr\\\/#\\\/schema\\\/logo\\\/image\\\/\"}}]}<\/script>\n<!-- \/ Yoast SEO plugin. -->","yoast_head_json":{"title":"Location d\u2019\u00c9cran LED Personnalisable | Devis Gratuit","description":"Louez un \u00e9cran LED sur mesure pour vos \u00e9v\u00e9nements ! Configurez facilement la taille et les options. Installation cl\u00e9 en main et devis gratuit en ligne.","robots":{"index":"index","follow":"follow","max-snippet":"max-snippet:-1","max-image-preview":"max-image-preview:large","max-video-preview":"max-video-preview:-1"},"canonical":"https:\/\/www.location-ecran-video-mur-led.fr\/index.php\/produit\/location-ecran-led-personnalisable\/","og_locale":"fr_FR","og_type":"article","og_title":"Location d\u2019\u00c9cran LED Personnalisable | Devis Gratuit","og_description":"Louez un \u00e9cran LED sur mesure pour vos \u00e9v\u00e9nements ! Configurez facilement la taille et les options. Installation cl\u00e9 en main et devis gratuit en ligne.","og_url":"https:\/\/www.location-ecran-video-mur-led.fr\/index.php\/produit\/location-ecran-led-personnalisable\/","og_site_name":"Ecran Led","article_modified_time":"2025-01-22T13:28:15+00:00","og_image":[{"width":1024,"height":910,"url":"https:\/\/www.location-ecran-video-mur-led.fr\/wp-content\/uploads\/2024\/09\/ecran-led-solutions-evenements-profile-1024x910.png","type":"image\/png"}],"twitter_card":"summary_large_image","twitter_misc":{"Dur\u00e9e de lecture estim\u00e9e":"1 minute"},"schema":{"@context":"https:\/\/schema.org","@graph":[{"@type":"WebPage","@id":"https:\/\/www.location-ecran-video-mur-led.fr\/index.php\/produit\/location-ecran-led-personnalisable\/","url":"https:\/\/www.location-ecran-video-mur-led.fr\/index.php\/produit\/location-ecran-led-personnalisable\/","name":"Location d\u2019\u00c9cran LED Personnalisable | Devis Gratuit","isPartOf":{"@id":"https:\/\/www.location-ecran-video-mur-led.fr\/#website"},"primaryImageOfPage":{"@id":"https:\/\/www.location-ecran-video-mur-led.fr\/index.php\/produit\/location-ecran-led-personnalisable\/#primaryimage"},"image":{"@id":"https:\/\/www.location-ecran-video-mur-led.fr\/index.php\/produit\/location-ecran-led-personnalisable\/#primaryimage"},"thumbnailUrl":"https:\/\/www.location-ecran-video-mur-led.fr\/wp-content\/uploads\/2024\/09\/ecran-led-solutions-evenements-profile.png","datePublished":"2024-09-24T07:35:43+00:00","dateModified":"2025-01-22T13:28:15+00:00","description":"Louez un \u00e9cran LED sur mesure pour vos \u00e9v\u00e9nements ! Configurez facilement la taille et les options. Installation cl\u00e9 en main et devis gratuit en ligne.","breadcrumb":{"@id":"https:\/\/www.location-ecran-video-mur-led.fr\/index.php\/produit\/location-ecran-led-personnalisable\/#breadcrumb"},"inLanguage":"fr-FR","potentialAction":[{"@type":"ReadAction","target":["https:\/\/www.location-ecran-video-mur-led.fr\/index.php\/produit\/location-ecran-led-personnalisable\/"]}]},{"@type":"ImageObject","inLanguage":"fr-FR","@id":"https:\/\/www.location-ecran-video-mur-led.fr\/index.php\/produit\/location-ecran-led-personnalisable\/#primaryimage","url":"https:\/\/www.location-ecran-video-mur-led.fr\/wp-content\/uploads\/2024\/09\/ecran-led-solutions-evenements-profile.png","contentUrl":"https:\/\/www.location-ecran-video-mur-led.fr\/wp-content\/uploads\/2024\/09\/ecran-led-solutions-evenements-profile.png","width":4500,"height":4000},{"@type":"BreadcrumbList","@id":"https:\/\/www.location-ecran-video-mur-led.fr\/index.php\/produit\/location-ecran-led-personnalisable\/#breadcrumb","itemListElement":[{"@type":"ListItem","position":1,"name":"Accueil","item":"https:\/\/www.location-ecran-video-mur-led.fr\/"},{"@type":"ListItem","position":2,"name":"Boutique","item":"https:\/\/www.location-ecran-video-mur-led.fr\/index.php\/boutique\/"},{"@type":"ListItem","position":3,"name":"Mur LED"}]},{"@type":"WebSite","@id":"https:\/\/www.location-ecran-video-mur-led.fr\/#website","url":"https:\/\/www.location-ecran-video-mur-led.fr\/","name":"Ecran Led","description":"","publisher":{"@id":"https:\/\/www.location-ecran-video-mur-led.fr\/#organization"},"potentialAction":[{"@type":"SearchAction","target":{"@type":"EntryPoint","urlTemplate":"https:\/\/www.location-ecran-video-mur-led.fr\/?s={search_term_string}"},"query-input":{"@type":"PropertyValueSpecification","valueRequired":true,"valueName":"search_term_string"}}],"inLanguage":"fr-FR"},{"@type":"Organization","@id":"https:\/\/www.location-ecran-video-mur-led.fr\/#organization","name":"Ecran Led","url":"https:\/\/www.location-ecran-video-mur-led.fr\/","logo":{"@type":"ImageObject","inLanguage":"fr-FR","@id":"https:\/\/www.location-ecran-video-mur-led.fr\/#\/schema\/logo\/image\/","url":"https:\/\/www.location-ecran-video-mur-led.fr\/wp-content\/uploads\/2024\/09\/Logo-SE-paysage.png","contentUrl":"https:\/\/www.location-ecran-video-mur-led.fr\/wp-content\/uploads\/2024\/09\/Logo-SE-paysage.png","width":2983,"height":391,"caption":"Ecran Led"},"image":{"@id":"https:\/\/www.location-ecran-video-mur-led.fr\/#\/schema\/logo\/image\/"}}]}},"_links":{"self":[{"href":"https:\/\/www.location-ecran-video-mur-led.fr\/index.php\/wp-json\/wp\/v2\/product\/634","targetHints":{"allow":["GET"]}}],"collection":[{"href":"https:\/\/www.location-ecran-video-mur-led.fr\/index.php\/wp-json\/wp\/v2\/product"}],"about":[{"href":"https:\/\/www.location-ecran-video-mur-led.fr\/index.php\/wp-json\/wp\/v2\/types\/product"}],"version-history":[{"count":0,"href":"https:\/\/www.location-ecran-video-mur-led.fr\/index.php\/wp-json\/wp\/v2\/product\/634\/revisions"}],"wp:featuredmedia":[{"embeddable":true,"href":"https:\/\/www.location-ecran-video-mur-led.fr\/index.php\/wp-json\/wp\/v2\/media\/158"}],"wp:attachment":[{"href":"https:\/\/www.location-ecran-video-mur-led.fr\/index.php\/wp-json\/wp\/v2\/media?parent=634"}],"wp:term":[{"taxonomy":"product_brand","embeddable":true,"href":"https:\/\/www.location-ecran-video-mur-led.fr\/index.php\/wp-json\/wp\/v2\/product_brand?post=634"},{"taxonomy":"product_cat","embeddable":true,"href":"https:\/\/www.location-ecran-video-mur-led.fr\/index.php\/wp-json\/wp\/v2\/product_cat?post=634"},{"taxonomy":"product_tag","embeddable":true,"href":"https:\/\/www.location-ecran-video-mur-led.fr\/index.php\/wp-json\/wp\/v2\/product_tag?post=634"}],"curies":[{"name":"wp","href":"https:\/\/api.w.org\/{rel}","templated":true}]}}